{"id":2985,"date":"2023-09-05T06:03:38","date_gmt":"2023-09-05T06:03:38","guid":{"rendered":"https:\/\/themeholy.com\/wordpress\/unittest\/?page_id=2985"},"modified":"2026-02-09T22:41:06","modified_gmt":"2026-02-09T22:41:06","slug":"service","status":"publish","type":"page","link":"https:\/\/chauffeursnantes.com\/en\/service\/","title":{"rendered":"Service"},"content":{"rendered":"<div data-elementor-type=\"wp-page\" data-elementor-id=\"2985\" class=\"elementor elementor-2985\">\n\t\t\t\t\t\t<section class=\"elementor-section elementor-top-section elementor-element elementor-element-546c4a1a elementor-section-boxed elementor-section-height-default elementor-section-height-default\" data-id=\"546c4a1a\" data-element_type=\"section\">\n\t\t\t\t\t\t<div class=\"elementor-container elementor-column-gap-no\">\n\t\t\t\t\t<div class=\"elementor-column elementor-col-100 elementor-top-column elementor-element elementor-element-14213df8\" data-id=\"14213df8\" data-element_type=\"column\">\n\t\t\t<div class=\"elementor-widget-wrap elementor-element-populated\">\n\t\t\t\t\r\n\t\t<div class=\"elementor-element elementor-element-651f5a99 elementor-widget elementor-widget-taxsecoservice\" data-id=\"651f5a99\" data-element_type=\"widget\" data-widget_type=\"taxsecoservice.default\">\n\t\t\t\t<div class=\"elementor-widget-container\">\n\t\t\t\t\t<div class=\"service_1 arrow-wrap\"><div class=\"row gy-40\"><div class=\"col-md-6 col-lg-4\"><div class=\"service-box\"><div class=\"service-box_img\"><img decoding=\"async\" src=\"https:\/\/themeholy.com\/wordpress\/taxiar\/wp-content\/uploads\/2023\/09\/service_3_1-4-1.jpg\" alt=\"service_3_1 4 1\"  \/><\/div><div class=\"service-box_content\"><div class=\"service-box_icon\"><i class=\"fa-light fa-city\"><\/i><\/div><h3 class=\"service-box_title\"><a href=\"tel:02%2085%2052%2006%2009\">Transfert toute distance<\/a><\/h3><p class=\"service-box_text\">Transfert toute distance au d\u00e9part de Nantes<\/p><\/div><a href=\"tel:02%2085%2052%2006%2009\" class=\"th-btn\">R\u00e9server <i class=\"fas fa-arrow-right\"><\/i><\/a><\/div><\/div><div class=\"col-md-6 col-lg-4\"><div class=\"service-box\"><div class=\"service-box_img\"><img decoding=\"async\" src=\"https:\/\/themeholy.com\/wordpress\/taxiar\/wp-content\/uploads\/2023\/09\/service_3_2-4-1.jpg\" alt=\"service_3_2 4 1\"  \/><\/div><div class=\"service-box_content\"><div class=\"service-box_icon\"><i class=\"fa-light fa-business-time\"><\/i><\/div><h3 class=\"service-box_title\"><a href=\"tel:02%2085%2052%2006%2009\">Conciergerie d&#039;entreprise<\/a><\/h3><p class=\"service-box_text\">Vous avez un client ou un collaborateur de passage \u00e0 Nantes?<\/p><\/div><a href=\"tel:02%2085%2052%2006%2009\" class=\"th-btn\">R\u00e9server <i class=\"fas fa-arrow-right\"><\/i><\/a><\/div><\/div><div class=\"col-md-6 col-lg-4\"><div class=\"service-box\"><div class=\"service-box_img\"><img decoding=\"async\" src=\"https:\/\/themeholy.com\/wordpress\/taxiar\/wp-content\/uploads\/2023\/09\/service_3_3-4-1.jpg\" alt=\"service_3_3 4 1\"  \/><\/div><div class=\"service-box_content\"><div class=\"service-box_icon\"><i class=\"fa-light fa-house-laptop\"><\/i><\/div><h3 class=\"service-box_title\"><a href=\"tel:02%2085%2052%2006%2009\">Convoyage de v\u00e9hicules<\/a><\/h3><p class=\"service-box_text\">Un chauffeur de confiance pour d\u00e9placer un v\u00e9hicule?<\/p><\/div><a href=\"tel:02%2085%2052%2006%2009\" class=\"th-btn\">R\u00e9server <i class=\"fas fa-arrow-right\"><\/i><\/a><\/div><\/div><\/div><\/div>\t\t\t\t<\/div>\n\t\t\t\t<\/div>\n\t\t\t\t\t<\/div>\n\t\t<\/div>\n\t\t\t\t\t<\/div>\n\t\t<\/section>\n\t\t<div class=\"elementor-element elementor-element-566f8d9 e-grid e-con-full e-con e-parent\" data-id=\"566f8d9\" data-element_type=\"container\">\n\t\t\t\t<div class=\"elementor-element elementor-element-08691d2 elementor-widget elementor-widget-taxiarservicetab\" data-id=\"08691d2\" data-element_type=\"widget\" data-widget_type=\"taxiarservicetab.default\">\n\t\t\t\t<div class=\"elementor-widget-container\">\n\t\t\t\t\t\r\n\t\t<div class=\"row slider-shadow th-carousel\" id=\"slideListTab2\" data-asnavfor=\"#slideListBox\" data-slide-show=\"3\" data-lg-slide-show=\"3\" data-md-slide-show=\"3\" data-sm-slide-show=\"3\" data-xs-slide-show=\"3\" data-arrows=\"true\" data-center-mode=\"true\" data-xl-center-mode=\"true\" data-ml-center-mode=\"true\" data-lg-center-mode=\"true\" data-md-center-mode=\"true\" data-sm-center-mode=\"true\" data-xs-center-mode=\"true\">\r\n\t\t\t\t\t\t<div class=\"col-md-6 col-lg-4\">\r\n\t\t\t\t<div class=\"service-list\">\r\n\t\t\t\t\t<div class=\"service-list_icon\">\r\n\t\t\t\t\t\t<img decoding=\"async\" src=\"\" alt=\"\"  \/>\t\t\t\t\t<\/div>\r\n\t\t\t\t\t<div class=\"service-list_content\">\r\n\t\t\t\t\t\t<span class=\"service-list_text\">Transfert Mantes et Alentours<\/span>\r\n\t\t\t\t\t\t<h3 class=\"service-list_title\"><\/h3>\r\n\t\t\t\t\t<\/div>\r\n\t\t\t\t<\/div>\r\n\t\t\t<\/div>\r\n\t\t\t\t\t<\/div>\r\n\t\t<div class=\"service-list-area\">\r\n            <div class=\"th-carousel\" id=\"slideListBox\" data-fade=\"true\" data-asnavfor=\"#slideListTab2\">\r\n\t\t\t\t\t\t\t\t<div class=\"service-taxi\">\r\n\t\t\t\t\t<div class=\"service-taxi-wrapper\">\r\n\t\t\t\t\t\t<div class=\"service-taxi-image\">\r\n\t\t\t\t\t\t\t<img decoding=\"async\" src=\"http:\/\/chauffeursnantes.com\/wp-content\/uploads\/2024\/03\/La-centrale-Nantaises-des-Chauffeurs-Chauffeur-1.jpg\" alt=\"La centrale Nantaises des Chauffeurs Chauffeur 1\"  \/>\t\t\t\t\t\t<\/div>\r\n\t\t\t\t\t\t<div class=\"service-taxi-content\">\r\n\t\t\t\t\t\t\t<div class=\"taxi-about\">\r\n\t\t\t\t\t\t\t\t<span class=\"taxi-about_rate th-sub\">Transfer A Partir de Nantes<\/span>\r\n\t\t\t\t\t\t\t\t<h4 class=\"taxi-about_title th-title\">Transfer Toutes Distances<\/h4>\r\n\t\t\t\t\t\t\t\t<p class=\"taxi-about_text th-desc\">Pour r\u00e9pondre \u00e0 toutes vos demandes, nous mettons \u00e0 disposition des chauffeurs professionnels pour vos trajets toutes distances. Ainsi, que vous ayez besoin d\u2019un moyen de transport dans les Pays de la Loire ou vers toute la France, nous serons toujours en mesure d\u2019apporter une solution ad\u00e9quate \u00e0 vos exigences.<\/p> \r\n\t\t\t\t\t\t\t<\/div>\r\n\t\t\t\t\t\t\t<div class=\"taxi-feature-wrapper\">\r\n\t\t\t\t\t\t\t\t<div class=\"taxi-feature\">\r\n\t\t\t\t\t\t\t\t\t\t\t\t\t\t\t\t\t\t<h3 class=\"taxi-feature_title\"><\/h3>\r\n\t\t\t\t\t\t\t\t\t<span class=\"taxi-feature_info\"><\/span>\r\n\t\t\t\t\t\t\t\t<\/div>\r\n\t\t\t\t\t\t\t\t<div class=\"taxi-feature\">\r\n\t\t\t\t\t\t\t\t\t\t\t\t\t\t\t\t\t\t<h3 class=\"taxi-feature_title\"><\/h3>\r\n\t\t\t\t\t\t\t\t\t<span class=\"taxi-feature_info\"><\/span>\r\n\t\t\t\t\t\t\t\t<\/div>\r\n\t\t\t\t\t\t\t\t<div class=\"taxi-feature\">\r\n\t\t\t\t\t\t\t\t\t\t\t\t\t\t\t\t\t\t<h3 class=\"taxi-feature_title\"><\/h3>\r\n\t\t\t\t\t\t\t\t\t<span class=\"taxi-feature_info\"><\/span>\r\n\t\t\t\t\t\t\t\t<\/div>\r\n\t\t\t\t\t\t\t\t<div class=\"taxi-feature\">\r\n\t\t\t\t\t\t\t\t\t\t\t\t\t\t\t\t\t\t<h3 class=\"taxi-feature_title\"><\/h3>\r\n\t\t\t\t\t\t\t\t\t<span class=\"taxi-feature_info\"><\/span>\r\n\t\t\t\t\t\t\t\t<\/div>\r\n\t\t\t\t\t\t\t\t<div class=\"taxi-feature\">\r\n\t\t\t\t\t\t\t\t\t\t\t\t\t\t\t\t\t\t<h3 class=\"taxi-feature_title\"><\/h3>\r\n\t\t\t\t\t\t\t\t\t<span class=\"taxi-feature_info\"><\/span>\r\n\t\t\t\t\t\t\t\t<\/div>\r\n\t\t\t\t\t\t\t<\/div>\r\n\t\t\t\t\t\t\t<a href=\"tel:02%2085%2052%2006%2009\" class=\"th-btn radius-btn2 th_btn\">Reserver<\/a>\r\n\t\t\t\t\t\t<\/div>\r\n\t\t\t\t\t<\/div>\r\n\t\t\t\t<\/div>\r\n\t\t\t\t\t\t\t<\/div>\r\n\t\t<\/div>\r\n\r\n\t\t\t\t\t\t<\/div>\n\t\t\t\t<\/div>\n\t\t\t\t<div class=\"elementor-element elementor-element-b16c1b6 elementor-widget elementor-widget-taxiarservicetab\" data-id=\"b16c1b6\" data-element_type=\"widget\" data-widget_type=\"taxiarservicetab.default\">\n\t\t\t\t<div class=\"elementor-widget-container\">\n\t\t\t\t\t\r\n\t\t<div class=\"row slider-shadow th-carousel\" id=\"slideListTab2\" data-asnavfor=\"#slideListBox\" data-slide-show=\"3\" data-lg-slide-show=\"3\" data-md-slide-show=\"3\" data-sm-slide-show=\"3\" data-xs-slide-show=\"3\" data-arrows=\"true\" data-center-mode=\"true\" data-xl-center-mode=\"true\" data-ml-center-mode=\"true\" data-lg-center-mode=\"true\" data-md-center-mode=\"true\" data-sm-center-mode=\"true\" data-xs-center-mode=\"true\">\r\n\t\t\t\t\t\t<div class=\"col-md-6 col-lg-4\">\r\n\t\t\t\t<div class=\"service-list\">\r\n\t\t\t\t\t<div class=\"service-list_icon\">\r\n\t\t\t\t\t\t<img decoding=\"async\" src=\"\" alt=\"\"  \/>\t\t\t\t\t<\/div>\r\n\t\t\t\t\t<div class=\"service-list_content\">\r\n\t\t\t\t\t\t<span class=\"service-list_text\">Conciergerie d&#039;entreprise<\/span>\r\n\t\t\t\t\t\t<h3 class=\"service-list_title\"><\/h3>\r\n\t\t\t\t\t<\/div>\r\n\t\t\t\t<\/div>\r\n\t\t\t<\/div>\r\n\t\t\t\t\t<\/div>\r\n\t\t<div class=\"service-list-area\">\r\n            <div class=\"th-carousel\" id=\"slideListBox\" data-fade=\"true\" data-asnavfor=\"#slideListTab2\">\r\n\t\t\t\t\t\t\t\t<div class=\"service-taxi\">\r\n\t\t\t\t\t<div class=\"service-taxi-wrapper\">\r\n\t\t\t\t\t\t<div class=\"service-taxi-image\">\r\n\t\t\t\t\t\t\t<img decoding=\"async\" src=\"http:\/\/chauffeursnantes.com\/wp-content\/uploads\/2024\/02\/author.jpg\" alt=\"author\"  \/>\t\t\t\t\t\t<\/div>\r\n\t\t\t\t\t\t<div class=\"service-taxi-content\">\r\n\t\t\t\t\t\t\t<div class=\"taxi-about\">\r\n\t\t\t\t\t\t\t\t<span class=\"taxi-about_rate th-sub\">Conciergerie d&#039;entreprise Pro<\/span>\r\n\t\t\t\t\t\t\t\t<h4 class=\"taxi-about_title th-title\">Conciergerie d&#039;entreprise<\/h4>\r\n\t\t\t\t\t\t\t\t<p class=\"taxi-about_text th-desc\">Vous avez un client ou un collaborateur de passage \u00e0 Nantes?\n\nNotre centrale s&#039;occupe de toutes les r\u00e9servations et de toutes les demandes sp\u00e9cifiques des clients. Une visite guid\u00e9e, un besoin en pressing, une mise \u00e0 disposition d&#039;un chauffeur sur toute la journ\u00e9e, toute demande trouvera sa solution chez La Centrale Nantaise des Chauffeurs.<\/p> \r\n\t\t\t\t\t\t\t<\/div>\r\n\t\t\t\t\t\t\t<div class=\"taxi-feature-wrapper\">\r\n\t\t\t\t\t\t\t\t<div class=\"taxi-feature\">\r\n\t\t\t\t\t\t\t\t\t\t\t\t\t\t\t\t\t\t<h3 class=\"taxi-feature_title\"><\/h3>\r\n\t\t\t\t\t\t\t\t\t<span class=\"taxi-feature_info\"><\/span>\r\n\t\t\t\t\t\t\t\t<\/div>\r\n\t\t\t\t\t\t\t\t<div class=\"taxi-feature\">\r\n\t\t\t\t\t\t\t\t\t\t\t\t\t\t\t\t\t\t<h3 class=\"taxi-feature_title\"><\/h3>\r\n\t\t\t\t\t\t\t\t\t<span class=\"taxi-feature_info\"><\/span>\r\n\t\t\t\t\t\t\t\t<\/div>\r\n\t\t\t\t\t\t\t\t<div class=\"taxi-feature\">\r\n\t\t\t\t\t\t\t\t\t\t\t\t\t\t\t\t\t\t<h3 class=\"taxi-feature_title\"><\/h3>\r\n\t\t\t\t\t\t\t\t\t<span class=\"taxi-feature_info\"><\/span>\r\n\t\t\t\t\t\t\t\t<\/div>\r\n\t\t\t\t\t\t\t\t<div class=\"taxi-feature\">\r\n\t\t\t\t\t\t\t\t\t\t\t\t\t\t\t\t\t\t<h3 class=\"taxi-feature_title\"><\/h3>\r\n\t\t\t\t\t\t\t\t\t<span class=\"taxi-feature_info\"><\/span>\r\n\t\t\t\t\t\t\t\t<\/div>\r\n\t\t\t\t\t\t\t\t<div class=\"taxi-feature\">\r\n\t\t\t\t\t\t\t\t\t\t\t\t\t\t\t\t\t\t<h3 class=\"taxi-feature_title\"><\/h3>\r\n\t\t\t\t\t\t\t\t\t<span class=\"taxi-feature_info\"><\/span>\r\n\t\t\t\t\t\t\t\t<\/div>\r\n\t\t\t\t\t\t\t<\/div>\r\n\t\t\t\t\t\t\t<a href=\"tel:02%2085%2052%2006%2009\" class=\"th-btn radius-btn2 th_btn\">Reserver<\/a>\r\n\t\t\t\t\t\t<\/div>\r\n\t\t\t\t\t<\/div>\r\n\t\t\t\t<\/div>\r\n\t\t\t\t\t\t\t<\/div>\r\n\t\t<\/div>\r\n\r\n\t\t\t\t\t\t<\/div>\n\t\t\t\t<\/div>\n\t\t\t\t<div class=\"elementor-element elementor-element-a7009be elementor-widget elementor-widget-taxiarservicetab\" data-id=\"a7009be\" data-element_type=\"widget\" data-widget_type=\"taxiarservicetab.default\">\n\t\t\t\t<div class=\"elementor-widget-container\">\n\t\t\t\t\t\r\n\t\t<div class=\"row slider-shadow th-carousel\" id=\"slideListTab2\" data-asnavfor=\"#slideListBox\" data-slide-show=\"3\" data-lg-slide-show=\"3\" data-md-slide-show=\"3\" data-sm-slide-show=\"3\" data-xs-slide-show=\"3\" data-arrows=\"true\" data-center-mode=\"true\" data-xl-center-mode=\"true\" data-ml-center-mode=\"true\" data-lg-center-mode=\"true\" data-md-center-mode=\"true\" data-sm-center-mode=\"true\" data-xs-center-mode=\"true\">\r\n\t\t\t\t\t\t<div class=\"col-md-6 col-lg-4\">\r\n\t\t\t\t<div class=\"service-list\">\r\n\t\t\t\t\t<div class=\"service-list_icon\">\r\n\t\t\t\t\t\t<img decoding=\"async\" src=\"\" alt=\"\"  \/>\t\t\t\t\t<\/div>\r\n\t\t\t\t\t<div class=\"service-list_content\">\r\n\t\t\t\t\t\t<span class=\"service-list_text\">Convoyage de v\u00e9hicules\n<\/span>\r\n\t\t\t\t\t\t<h3 class=\"service-list_title\"><\/h3>\r\n\t\t\t\t\t<\/div>\r\n\t\t\t\t<\/div>\r\n\t\t\t<\/div>\r\n\t\t\t\t\t<\/div>\r\n\t\t<div class=\"service-list-area\">\r\n            <div class=\"th-carousel\" id=\"slideListBox\" data-fade=\"true\" data-asnavfor=\"#slideListTab2\">\r\n\t\t\t\t\t\t\t\t<div class=\"service-taxi\">\r\n\t\t\t\t\t<div class=\"service-taxi-wrapper\">\r\n\t\t\t\t\t\t<div class=\"service-taxi-image\">\r\n\t\t\t\t\t\t\t<img decoding=\"async\" src=\"http:\/\/chauffeursnantes.com\/wp-content\/uploads\/2024\/03\/La-centrale-Nantaises-des-Chauffeurs-Slider-1.jpg\" alt=\"La centrale Nantaises des Chauffeurs Slider 1\"  \/>\t\t\t\t\t\t<\/div>\r\n\t\t\t\t\t\t<div class=\"service-taxi-content\">\r\n\t\t\t\t\t\t\t<div class=\"taxi-about\">\r\n\t\t\t\t\t\t\t\t<span class=\"taxi-about_rate th-sub\">Convoyage de v\u00e9hicules<\/span>\r\n\t\t\t\t\t\t\t\t<h4 class=\"taxi-about_title th-title\">D\u00e9placer un v\u00e9hicule en toute Confiance<\/h4>\r\n\t\t\t\t\t\t\t\t<p class=\"taxi-about_text th-desc\">Vous avez besoin d&#039;un chauffeur de confiance pour d\u00e9placer un v\u00e9hicule jusqu&#039;\u00e0 un garage m\u00e9canique, un centre de contr\u00f4le technique ou un centre de lavage?\n\n La centrale vous met \u00e0 disposition les meilleurs chauffeurs nantais.\n\nPour toute demande sp\u00e9cifique de convoyage, contactez nous, et nous trouverons ensemble la solution ad\u00e9quate.<\/p> \r\n\t\t\t\t\t\t\t<\/div>\r\n\t\t\t\t\t\t\t<div class=\"taxi-feature-wrapper\">\r\n\t\t\t\t\t\t\t\t<div class=\"taxi-feature\">\r\n\t\t\t\t\t\t\t\t\t\t\t\t\t\t\t\t\t\t<h3 class=\"taxi-feature_title\"><\/h3>\r\n\t\t\t\t\t\t\t\t\t<span class=\"taxi-feature_info\"><\/span>\r\n\t\t\t\t\t\t\t\t<\/div>\r\n\t\t\t\t\t\t\t\t<div class=\"taxi-feature\">\r\n\t\t\t\t\t\t\t\t\t\t\t\t\t\t\t\t\t\t<h3 class=\"taxi-feature_title\"><\/h3>\r\n\t\t\t\t\t\t\t\t\t<span class=\"taxi-feature_info\"><\/span>\r\n\t\t\t\t\t\t\t\t<\/div>\r\n\t\t\t\t\t\t\t\t<div class=\"taxi-feature\">\r\n\t\t\t\t\t\t\t\t\t\t\t\t\t\t\t\t\t\t<h3 class=\"taxi-feature_title\"><\/h3>\r\n\t\t\t\t\t\t\t\t\t<span class=\"taxi-feature_info\"><\/span>\r\n\t\t\t\t\t\t\t\t<\/div>\r\n\t\t\t\t\t\t\t\t<div class=\"taxi-feature\">\r\n\t\t\t\t\t\t\t\t\t\t\t\t\t\t\t\t\t\t<h3 class=\"taxi-feature_title\"><\/h3>\r\n\t\t\t\t\t\t\t\t\t<span class=\"taxi-feature_info\"><\/span>\r\n\t\t\t\t\t\t\t\t<\/div>\r\n\t\t\t\t\t\t\t\t<div class=\"taxi-feature\">\r\n\t\t\t\t\t\t\t\t\t\t\t\t\t\t\t\t\t\t<h3 class=\"taxi-feature_title\"><\/h3>\r\n\t\t\t\t\t\t\t\t\t<span class=\"taxi-feature_info\"><\/span>\r\n\t\t\t\t\t\t\t\t<\/div>\r\n\t\t\t\t\t\t\t<\/div>\r\n\t\t\t\t\t\t\t<a href=\"tel:02%2085%2052%2006%2009\" class=\"th-btn radius-btn2 th_btn\">Reserver<\/a>\r\n\t\t\t\t\t\t<\/div>\r\n\t\t\t\t\t<\/div>\r\n\t\t\t\t<\/div>\r\n\t\t\t\t\t\t\t<\/div>\r\n\t\t<\/div>\r\n\r\n\t\t\t\t\t\t<\/div>\n\t\t\t\t<\/div>\n\t\t\t\t<\/div>\n\t\t\t\t<\/div>","protected":false},"excerpt":{"rendered":"<p>Transfert toute distance Transfert toute distance au d\u00e9part de Nantes R\u00e9server Conciergerie d&#039;entreprise Vous avez un client ou un collaborateur de passage \u00e0 Nantes? R\u00e9server Convoyage de v\u00e9hicules Un chauffeur de confiance pour d\u00e9placer un v\u00e9hicule? R\u00e9server Transfert Mantes et Alentours Transfer A Partir de Nantes Transfer Toutes Distances Pour r\u00e9pondre \u00e0 toutes vos demandes,&#8230;<\/p>","protected":false},"author":1,"featured_media":0,"parent":0,"menu_order":0,"comment_status":"closed","ping_status":"closed","template":"template-builder.php","meta":{"footnotes":""},"class_list":["post-2985","page","type-page","status-publish","hentry"],"_links":{"self":[{"href":"https:\/\/chauffeursnantes.com\/en\/wp-json\/wp\/v2\/pages\/2985","targetHints":{"allow":["GET"]}}],"collection":[{"href":"https:\/\/chauffeursnantes.com\/en\/wp-json\/wp\/v2\/pages"}],"about":[{"href":"https:\/\/chauffeursnantes.com\/en\/wp-json\/wp\/v2\/types\/page"}],"author":[{"embeddable":true,"href":"https:\/\/chauffeursnantes.com\/en\/wp-json\/wp\/v2\/users\/1"}],"replies":[{"embeddable":true,"href":"https:\/\/chauffeursnantes.com\/en\/wp-json\/wp\/v2\/comments?post=2985"}],"version-history":[{"count":13,"href":"https:\/\/chauffeursnantes.com\/en\/wp-json\/wp\/v2\/pages\/2985\/revisions"}],"predecessor-version":[{"id":4939,"href":"https:\/\/chauffeursnantes.com\/en\/wp-json\/wp\/v2\/pages\/2985\/revisions\/4939"}],"wp:attachment":[{"href":"https:\/\/chauffeursnantes.com\/en\/wp-json\/wp\/v2\/media?parent=2985"}],"curies":[{"name":"wp","href":"https:\/\/api.w.org\/{rel}","templated":true}]}}